{"id":3008,"date":"2023-11-17T12:39:13","date_gmt":"2023-11-17T12:39:13","guid":{"rendered":"https:\/\/pokensmoke.com\/contact\/"},"modified":"2025-07-15T09:30:20","modified_gmt":"2025-07-15T09:30:20","slug":"contact","status":"publish","type":"page","link":"https:\/\/pokensmoke.com\/fr\/contact\/","title":{"rendered":"Contact"},"content":{"rendered":"\t\t<div data-elementor-type=\"wp-page\" data-elementor-id=\"3008\" class=\"elementor elementor-3008 elementor-148\" data-elementor-post-type=\"page\">\n\t\t\t\t<div class=\"elementor-element elementor-element-ad29101 e-flex e-con-boxed e-con e-parent\" data-id=\"ad29101\" data-element_type=\"container\" data-e-type=\"container\" data-settings=\"{&quot;background_background&quot;:&quot;classic&quot;}\">\n\t\t\t\t\t<div class=\"e-con-inner\">\n\t\t<div class=\"elementor-element elementor-element-bf1ec2e e-con-full animated-fast e-flex e-con e-child\" data-id=\"bf1ec2e\" data-element_type=\"container\" data-e-type=\"container\" data-settings=\"{&quot;animation&quot;:&quot;none&quot;}\">\n\t\t\t\t<div class=\"elementor-element elementor-element-2fa15a7 contact-image elementor-widget elementor-widget-image\" data-id=\"2fa15a7\" data-element_type=\"widget\" data-e-type=\"widget\" data-widget_type=\"image.default\">\n\t\t\t\t<div class=\"elementor-widget-container\">\n\t\t\t\t\t\t\t\t\t\t\t\t\t\t\t<img fetchpriority=\"high\" decoding=\"async\" width=\"800\" height=\"800\" src=\"https:\/\/pokensmoke.com\/wp-content\/uploads\/2025\/07\/Serene-Woman-with-Floral-Backdrop-min-1024x1024.png\" class=\"attachment-large size-large wp-image-2827\" alt=\"\" srcset=\"https:\/\/pokensmoke.com\/wp-content\/uploads\/2025\/07\/Serene-Woman-with-Floral-Backdrop-min-1024x1024.png 1024w, https:\/\/pokensmoke.com\/wp-content\/uploads\/2025\/07\/Serene-Woman-with-Floral-Backdrop-min-300x300.png 300w, https:\/\/pokensmoke.com\/wp-content\/uploads\/2025\/07\/Serene-Woman-with-Floral-Backdrop-min-150x150.png 150w, https:\/\/pokensmoke.com\/wp-content\/uploads\/2025\/07\/Serene-Woman-with-Floral-Backdrop-min-768x768.png 768w, https:\/\/pokensmoke.com\/wp-content\/uploads\/2025\/07\/Serene-Woman-with-Floral-Backdrop-min-600x600.png 600w, https:\/\/pokensmoke.com\/wp-content\/uploads\/2025\/07\/Serene-Woman-with-Floral-Backdrop-min-100x100.png 100w, https:\/\/pokensmoke.com\/wp-content\/uploads\/2025\/07\/Serene-Woman-with-Floral-Backdrop-min.png 1200w\" sizes=\"(max-width: 800px) 100vw, 800px\" \/>\t\t\t\t\t\t\t\t\t\t\t\t\t\t\t<\/div>\n\t\t\t\t<\/div>\n\t\t\t\t<div class=\"elementor-element elementor-element-6438a1e elementor-absolute elementor-hidden-tablet elementor-widget elementor-widget-image\" data-id=\"6438a1e\" data-element_type=\"widget\" data-e-type=\"widget\" data-settings=\"{&quot;_position&quot;:&quot;absolute&quot;}\" data-widget_type=\"image.default\">\n\t\t\t\t<div class=\"elementor-widget-container\">\n\t\t\t\t\t\t\t\t\t\t\t\t\t\t\t<img decoding=\"async\" width=\"500\" height=\"106\" src=\"https:\/\/pokensmoke.com\/wp-content\/uploads\/2025\/04\/Stripes-black-min.png\" class=\"attachment-large size-large wp-image-1497\" alt=\"\" srcset=\"https:\/\/pokensmoke.com\/wp-content\/uploads\/2025\/04\/Stripes-black-min.png 500w, https:\/\/pokensmoke.com\/wp-content\/uploads\/2025\/04\/Stripes-black-min-300x64.png 300w\" sizes=\"(max-width: 500px) 100vw, 500px\" \/>\t\t\t\t\t\t\t\t\t\t\t\t\t\t\t<\/div>\n\t\t\t\t<\/div>\n\t\t\t\t<div class=\"elementor-element elementor-element-c2abeb1 elementor-widget elementor-widget-heading\" data-id=\"c2abeb1\" data-element_type=\"widget\" data-e-type=\"widget\" data-widget_type=\"heading.default\">\n\t\t\t\t<div class=\"elementor-widget-container\">\n\t\t\t\t\t<h2 class=\"elementor-heading-title elementor-size-default\">Informations sur le contact<\/h2>\t\t\t\t<\/div>\n\t\t\t\t<\/div>\n\t\t\t\t<div class=\"elementor-element elementor-element-a57b400 elementor-icon-list--layout-traditional elementor-list-item-link-full_width elementor-widget elementor-widget-icon-list\" data-id=\"a57b400\" data-element_type=\"widget\" data-e-type=\"widget\" data-widget_type=\"icon-list.default\">\n\t\t\t\t<div class=\"elementor-widget-container\">\n\t\t\t\t\t\t\t<ul class=\"elementor-icon-list-items\">\n\t\t\t\t\t\t\t<li class=\"elementor-icon-list-item\">\n\t\t\t\t\t\t\t\t\t\t\t<span class=\"elementor-icon-list-icon\">\n\t\t\t\t\t\t\t<i aria-hidden=\"true\" class=\"far fa-envelope\"><\/i>\t\t\t\t\t\t<\/span>\n\t\t\t\t\t\t\t\t\t\t<span class=\"elementor-icon-list-text\">G\u00e9n\u00e9ral<\/span>\n\t\t\t\t\t\t\t\t\t<\/li>\n\t\t\t\t\t\t<\/ul>\n\t\t\t\t\t\t<\/div>\n\t\t\t\t<\/div>\n\t\t\t\t<div class=\"elementor-element elementor-element-f12fa92 elementor-widget elementor-widget-heading\" data-id=\"f12fa92\" data-element_type=\"widget\" data-e-type=\"widget\" data-widget_type=\"heading.default\">\n\t\t\t\t<div class=\"elementor-widget-container\">\n\t\t\t\t\t<p class=\"elementor-heading-title elementor-size-default\"><a href=\"mailto:info@pokensmoke.com\">info@pokensmoke.com<\/a><\/p>\t\t\t\t<\/div>\n\t\t\t\t<\/div>\n\t\t\t\t<div class=\"elementor-element elementor-element-7b1d054 elementor-icon-list--layout-traditional elementor-list-item-link-full_width elementor-widget elementor-widget-icon-list\" data-id=\"7b1d054\" data-element_type=\"widget\" data-e-type=\"widget\" data-widget_type=\"icon-list.default\">\n\t\t\t\t<div class=\"elementor-widget-container\">\n\t\t\t\t\t\t\t<ul class=\"elementor-icon-list-items\">\n\t\t\t\t\t\t\t<li class=\"elementor-icon-list-item\">\n\t\t\t\t\t\t\t\t\t\t\t<span class=\"elementor-icon-list-icon\">\n\t\t\t\t\t\t\t<i aria-hidden=\"true\" class=\"far fa-clock\"><\/i>\t\t\t\t\t\t<\/span>\n\t\t\t\t\t\t\t\t\t\t<span class=\"elementor-icon-list-text\">Heures d'ouverture<\/span>\n\t\t\t\t\t\t\t\t\t<\/li>\n\t\t\t\t\t\t<\/ul>\n\t\t\t\t\t\t<\/div>\n\t\t\t\t<\/div>\n\t\t\t\t<div class=\"elementor-element elementor-element-79f83a7 elementor-widget elementor-widget-heading\" data-id=\"79f83a7\" data-element_type=\"widget\" data-e-type=\"widget\" data-widget_type=\"heading.default\">\n\t\t\t\t<div class=\"elementor-widget-container\">\n\t\t\t\t\t<p class=\"elementor-heading-title elementor-size-default\">Lun - ven : 9:00 - 17:00 GMT+2<\/p>\t\t\t\t<\/div>\n\t\t\t\t<\/div>\n\t\t\t\t<div class=\"elementor-element elementor-element-2dd4885 elementor-hidden-desktop elementor-hidden-laptop elementor-hidden-tablet elementor-hidden-mobile elementor-icon-list--layout-traditional elementor-list-item-link-full_width elementor-widget elementor-widget-icon-list\" data-id=\"2dd4885\" data-element_type=\"widget\" data-e-type=\"widget\" data-widget_type=\"icon-list.default\">\n\t\t\t\t<div class=\"elementor-widget-container\">\n\t\t\t\t\t\t\t<ul class=\"elementor-icon-list-items\">\n\t\t\t\t\t\t\t<li class=\"elementor-icon-list-item\">\n\t\t\t\t\t\t\t\t\t\t\t<span class=\"elementor-icon-list-icon\">\n\t\t\t\t\t\t\t<i aria-hidden=\"true\" class=\"fas fa-building\"><\/i>\t\t\t\t\t\t<\/span>\n\t\t\t\t\t\t\t\t\t\t<span class=\"elementor-icon-list-text\">Adresse de retour<\/span>\n\t\t\t\t\t\t\t\t\t<\/li>\n\t\t\t\t\t\t<\/ul>\n\t\t\t\t\t\t<\/div>\n\t\t\t\t<\/div>\n\t\t\t\t<\/div>\n\t\t<div class=\"elementor-element elementor-element-f518397 e-con-full animated-fast e-flex e-con e-child\" data-id=\"f518397\" data-element_type=\"container\" data-e-type=\"container\" data-settings=\"{&quot;background_background&quot;:&quot;classic&quot;,&quot;animation&quot;:&quot;none&quot;,&quot;animation_delay&quot;:300}\">\n\t\t\t\t<div class=\"elementor-element elementor-element-8a464ee elementor-absolute elementor-widget elementor-widget-image\" data-id=\"8a464ee\" data-element_type=\"widget\" data-e-type=\"widget\" data-settings=\"{&quot;_position&quot;:&quot;absolute&quot;}\" data-widget_type=\"image.default\">\n\t\t\t\t<div class=\"elementor-widget-container\">\n\t\t\t\t\t\t\t\t\t\t\t\t\t\t\t<img decoding=\"async\" width=\"500\" height=\"500\" src=\"https:\/\/pokensmoke.com\/wp-content\/uploads\/2025\/04\/Grunge-effect-dark-min.png\" class=\"attachment-large size-large wp-image-1500\" alt=\"\" srcset=\"https:\/\/pokensmoke.com\/wp-content\/uploads\/2025\/04\/Grunge-effect-dark-min.png 500w, https:\/\/pokensmoke.com\/wp-content\/uploads\/2025\/04\/Grunge-effect-dark-min-300x300.png 300w, https:\/\/pokensmoke.com\/wp-content\/uploads\/2025\/04\/Grunge-effect-dark-min-150x150.png 150w, https:\/\/pokensmoke.com\/wp-content\/uploads\/2025\/04\/Grunge-effect-dark-min-100x100.png 100w\" sizes=\"(max-width: 500px) 100vw, 500px\" \/>\t\t\t\t\t\t\t\t\t\t\t\t\t\t\t<\/div>\n\t\t\t\t<\/div>\n\t\t\t\t<div class=\"elementor-element elementor-element-0ece2b2 gradient-text elementor-widget elementor-widget-heading\" data-id=\"0ece2b2\" data-element_type=\"widget\" data-e-type=\"widget\" data-widget_type=\"heading.default\">\n\t\t\t\t<div class=\"elementor-widget-container\">\n\t\t\t\t\t<p class=\"elementor-heading-title elementor-size-default\">Pour toutes vos questions<\/p>\t\t\t\t<\/div>\n\t\t\t\t<\/div>\n\t\t\t\t<div class=\"elementor-element elementor-element-1927412 elementor-widget elementor-widget-heading\" data-id=\"1927412\" data-element_type=\"widget\" data-e-type=\"widget\" data-widget_type=\"heading.default\">\n\t\t\t\t<div class=\"elementor-widget-container\">\n\t\t\t\t\t<h1 class=\"elementor-heading-title elementor-size-default\">Prenez directement contact avec nous<\/h1>\t\t\t\t<\/div>\n\t\t\t\t<\/div>\n\t\t\t\t<div class=\"elementor-element elementor-element-197960f elementor-button-align-stretch elementor-widget elementor-widget-form\" data-id=\"197960f\" data-element_type=\"widget\" data-e-type=\"widget\" data-settings=\"{&quot;step_next_label&quot;:&quot;Suivant&quot;,&quot;step_previous_label&quot;:&quot;Pr\\u00e9c\\u00e9dent&quot;,&quot;button_width&quot;:&quot;100&quot;,&quot;step_type&quot;:&quot;number_text&quot;,&quot;step_icon_shape&quot;:&quot;circle&quot;}\" data-widget_type=\"form.default\">\n\t\t\t\t<div class=\"elementor-widget-container\">\n\t\t\t\t\t\t\t<form class=\"elementor-form\" method=\"post\" name=\"Contactformulier\" aria-label=\"Contactformulier\">\n\t\t\t<input type=\"hidden\" name=\"post_id\" value=\"3008\"\/>\n\t\t\t<input type=\"hidden\" name=\"form_id\" value=\"197960f\"\/>\n\t\t\t<input type=\"hidden\" name=\"referer_title\" value=\"Contactez-nous | Poke n Smoke\" \/>\n\n\t\t\t\t\t\t\t<input type=\"hidden\" name=\"queried_id\" value=\"3008\"\/>\n\t\t\t\n\t\t\t<div class=\"elementor-form-fields-wrapper elementor-labels-\">\n\t\t\t\t\t\t\t\t<div class=\"elementor-field-type-text elementor-field-group elementor-column elementor-field-group-name elementor-col-100 elementor-field-required\">\n\t\t\t\t\t\t\t\t\t\t\t\t<label for=\"form-field-name\" class=\"elementor-field-label elementor-screen-only\">\n\t\t\t\t\t\t\t\tNom\t\t\t\t\t\t\t<\/label>\n\t\t\t\t\t\t\t\t\t\t\t\t\t\t<input size=\"1\" type=\"text\" name=\"form_fields[name]\" id=\"form-field-name\" class=\"elementor-field elementor-size-sm  elementor-field-textual\" placeholder=\"Nom\" required=\"required\">\n\t\t\t\t\t\t\t\t\t\t\t<\/div>\n\t\t\t\t\t\t\t\t<div class=\"elementor-field-type-email elementor-field-group elementor-column elementor-field-group-email elementor-col-100 elementor-field-required\">\n\t\t\t\t\t\t\t\t\t\t\t\t<label for=\"form-field-email\" class=\"elementor-field-label elementor-screen-only\">\n\t\t\t\t\t\t\t\tCourriel\t\t\t\t\t\t\t<\/label>\n\t\t\t\t\t\t\t\t\t\t\t\t\t\t<input size=\"1\" type=\"email\" name=\"form_fields[email]\" id=\"form-field-email\" class=\"elementor-field elementor-size-sm  elementor-field-textual\" placeholder=\"Courriel\" required=\"required\">\n\t\t\t\t\t\t\t\t\t\t\t<\/div>\n\t\t\t\t\t\t\t\t<div class=\"elementor-field-type-textarea elementor-field-group elementor-column elementor-field-group-message elementor-col-100 elementor-field-required\">\n\t\t\t\t\t\t\t\t\t\t\t\t<label for=\"form-field-message\" class=\"elementor-field-label elementor-screen-only\">\n\t\t\t\t\t\t\t\tMessage\t\t\t\t\t\t\t<\/label>\n\t\t\t\t\t\t<textarea class=\"elementor-field-textual elementor-field  elementor-size-sm\" name=\"form_fields[message]\" id=\"form-field-message\" rows=\"4\" placeholder=\"Comment pouvons-nous vous aider ?\" required=\"required\"><\/textarea>\t\t\t\t<\/div>\n\t\t\t\t\t\t\t\t<div class=\"elementor-field-group elementor-column elementor-field-type-submit elementor-col-100 e-form__buttons\">\n\t\t\t\t\t<button class=\"elementor-button elementor-size-sm\" type=\"submit\">\n\t\t\t\t\t\t<span class=\"elementor-button-content-wrapper\">\n\t\t\t\t\t\t\t\t\t\t\t\t\t\t\t\t\t\t\t\t\t\t<span class=\"elementor-button-text\">Envoyer<\/span>\n\t\t\t\t\t\t\t\t\t\t\t\t\t<\/span>\n\t\t\t\t\t<\/button>\n\t\t\t\t<\/div>\n\t\t\t<\/div>\n\t\t<\/form>\n\t\t\t\t\t\t<\/div>\n\t\t\t\t<\/div>\n\t\t\t\t<\/div>\n\t\t\t\t\t<\/div>\n\t\t\t\t<\/div>\n\t\t\t\t<\/div>\n\t\t","protected":false},"excerpt":{"rendered":"<p>Informations sur le contact G\u00e9n\u00e9ral info@pokensmoke.com Heures d&#8217;ouverture Lun &#8211; ven : 9:00 &#8211; 17:00 GMT+2 Adresse de retour Pour toutes vos questions Prenez directement contact avec nous<\/p>\n","protected":false},"author":3,"featured_media":0,"parent":0,"menu_order":19,"comment_status":"closed","ping_status":"closed","template":"elementor_header_footer","meta":{"footnotes":""},"class_list":["post-3008","page","type-page","status-publish","hentry"],"yoast_head":"<!-- This site is optimized with the Yoast SEO plugin v27.4 - https:\/\/yoast.com\/product\/yoast-seo-wordpress\/ -->\n<title>Contactez-nous | Poke n Smoke<\/title>\n<meta name=\"description\" content=\"Des questions sur les produits Poke n Smoke ? Contactez notre \u00e9quipe d&#039;assistance pour obtenir de l&#039;aide. Nous nous effor\u00e7ons de r\u00e9pondre \u00e0 votre message dans les 24 heures !\" \/>\n<meta name=\"robots\" content=\"index, follow, max-snippet:-1, max-image-preview:large, max-video-preview:-1\" \/>\n<link rel=\"canonical\" href=\"https:\/\/pokensmoke.com\/fr\/contact\/\" \/>\n<meta property=\"og:locale\" content=\"fr_FR\" \/>\n<meta property=\"og:type\" content=\"article\" \/>\n<meta property=\"og:title\" content=\"Contactez-nous | Poke n Smoke\" \/>\n<meta property=\"og:description\" content=\"Des questions sur les produits Poke n Smoke ? Contactez notre \u00e9quipe d&#039;assistance pour obtenir de l&#039;aide. Nous nous effor\u00e7ons de r\u00e9pondre \u00e0 votre message dans les 24 heures !\" \/>\n<meta property=\"og:url\" content=\"https:\/\/pokensmoke.com\/fr\/contact\/\" \/>\n<meta property=\"og:site_name\" content=\"Poke &#039;n Smoke\" \/>\n<meta property=\"article:modified_time\" content=\"2025-07-15T09:30:20+00:00\" \/>\n<meta property=\"og:image\" content=\"https:\/\/pokensmoke.com\/wp-content\/uploads\/2025\/07\/Serene-Woman-with-Floral-Backdrop-min.png\" \/>\n\t<meta property=\"og:image:width\" content=\"1200\" \/>\n\t<meta property=\"og:image:height\" content=\"1200\" \/>\n\t<meta property=\"og:image:type\" content=\"image\/png\" \/>\n<meta name=\"twitter:card\" content=\"summary_large_image\" \/>\n<meta name=\"twitter:label1\" content=\"Dur\u00e9e de lecture estim\u00e9e\" \/>\n\t<meta name=\"twitter:data1\" content=\"1 minute\" \/>\n<script type=\"application\/ld+json\" class=\"yoast-schema-graph\">{\"@context\":\"https:\\\/\\\/schema.org\",\"@graph\":[{\"@type\":\"WebPage\",\"@id\":\"https:\\\/\\\/pokensmoke.com\\\/fr\\\/contact\\\/\",\"url\":\"https:\\\/\\\/pokensmoke.com\\\/fr\\\/contact\\\/\",\"name\":\"Contactez-nous | Poke n Smoke\",\"isPartOf\":{\"@id\":\"https:\\\/\\\/pokensmoke.com\\\/fr\\\/#website\"},\"primaryImageOfPage\":{\"@id\":\"https:\\\/\\\/pokensmoke.com\\\/fr\\\/contact\\\/#primaryimage\"},\"image\":{\"@id\":\"https:\\\/\\\/pokensmoke.com\\\/fr\\\/contact\\\/#primaryimage\"},\"thumbnailUrl\":\"https:\\\/\\\/pokensmoke.com\\\/wp-content\\\/uploads\\\/2025\\\/07\\\/Serene-Woman-with-Floral-Backdrop-min-1024x1024.png\",\"datePublished\":\"2023-11-17T12:39:13+00:00\",\"dateModified\":\"2025-07-15T09:30:20+00:00\",\"description\":\"Des questions sur les produits Poke n Smoke ? Contactez notre \u00e9quipe d'assistance pour obtenir de l'aide. Nous nous effor\u00e7ons de r\u00e9pondre \u00e0 votre message dans les 24 heures !\",\"breadcrumb\":{\"@id\":\"https:\\\/\\\/pokensmoke.com\\\/fr\\\/contact\\\/#breadcrumb\"},\"inLanguage\":\"fr-FR\",\"potentialAction\":[{\"@type\":\"ReadAction\",\"target\":[\"https:\\\/\\\/pokensmoke.com\\\/fr\\\/contact\\\/\"]}]},{\"@type\":\"ImageObject\",\"inLanguage\":\"fr-FR\",\"@id\":\"https:\\\/\\\/pokensmoke.com\\\/fr\\\/contact\\\/#primaryimage\",\"url\":\"https:\\\/\\\/pokensmoke.com\\\/wp-content\\\/uploads\\\/2025\\\/07\\\/Serene-Woman-with-Floral-Backdrop-min-1024x1024.png\",\"contentUrl\":\"https:\\\/\\\/pokensmoke.com\\\/wp-content\\\/uploads\\\/2025\\\/07\\\/Serene-Woman-with-Floral-Backdrop-min-1024x1024.png\"},{\"@type\":\"BreadcrumbList\",\"@id\":\"https:\\\/\\\/pokensmoke.com\\\/fr\\\/contact\\\/#breadcrumb\",\"itemListElement\":[{\"@type\":\"ListItem\",\"position\":1,\"name\":\"Home\",\"item\":\"https:\\\/\\\/pokensmoke.com\\\/fr\\\/accueil\\\/\"},{\"@type\":\"ListItem\",\"position\":2,\"name\":\"Contact\"}]},{\"@type\":\"WebSite\",\"@id\":\"https:\\\/\\\/pokensmoke.com\\\/fr\\\/#website\",\"url\":\"https:\\\/\\\/pokensmoke.com\\\/fr\\\/\",\"name\":\"Poke &#039;n Smoke\",\"description\":\"\",\"publisher\":{\"@id\":\"https:\\\/\\\/pokensmoke.com\\\/fr\\\/#organization\"},\"potentialAction\":[{\"@type\":\"SearchAction\",\"target\":{\"@type\":\"EntryPoint\",\"urlTemplate\":\"https:\\\/\\\/pokensmoke.com\\\/fr\\\/?s={search_term_string}\"},\"query-input\":{\"@type\":\"PropertyValueSpecification\",\"valueRequired\":true,\"valueName\":\"search_term_string\"}}],\"inLanguage\":\"fr-FR\"},{\"@type\":\"Organization\",\"@id\":\"https:\\\/\\\/pokensmoke.com\\\/fr\\\/#organization\",\"name\":\"Poke &#039;n Smoke\",\"url\":\"https:\\\/\\\/pokensmoke.com\\\/fr\\\/\",\"logo\":{\"@type\":\"ImageObject\",\"inLanguage\":\"fr-FR\",\"@id\":\"https:\\\/\\\/pokensmoke.com\\\/fr\\\/#\\\/schema\\\/logo\\\/image\\\/\",\"url\":\"https:\\\/\\\/pokensmoke.com\\\/wp-content\\\/uploads\\\/2023\\\/08\\\/Group-39361.svg\",\"contentUrl\":\"https:\\\/\\\/pokensmoke.com\\\/wp-content\\\/uploads\\\/2023\\\/08\\\/Group-39361.svg\",\"width\":277,\"height\":48,\"caption\":\"Poke &#039;n Smoke\"},\"image\":{\"@id\":\"https:\\\/\\\/pokensmoke.com\\\/fr\\\/#\\\/schema\\\/logo\\\/image\\\/\"}}]}<\/script>\n<!-- \/ Yoast SEO plugin. -->","yoast_head_json":{"title":"Contactez-nous | Poke n Smoke","description":"Des questions sur les produits Poke n Smoke ? Contactez notre \u00e9quipe d'assistance pour obtenir de l'aide. Nous nous effor\u00e7ons de r\u00e9pondre \u00e0 votre message dans les 24 heures !","robots":{"index":"index","follow":"follow","max-snippet":"max-snippet:-1","max-image-preview":"max-image-preview:large","max-video-preview":"max-video-preview:-1"},"canonical":"https:\/\/pokensmoke.com\/fr\/contact\/","og_locale":"fr_FR","og_type":"article","og_title":"Contactez-nous | Poke n Smoke","og_description":"Des questions sur les produits Poke n Smoke ? Contactez notre \u00e9quipe d'assistance pour obtenir de l'aide. Nous nous effor\u00e7ons de r\u00e9pondre \u00e0 votre message dans les 24 heures !","og_url":"https:\/\/pokensmoke.com\/fr\/contact\/","og_site_name":"Poke &#039;n Smoke","article_modified_time":"2025-07-15T09:30:20+00:00","og_image":[{"width":1200,"height":1200,"url":"https:\/\/pokensmoke.com\/wp-content\/uploads\/2025\/07\/Serene-Woman-with-Floral-Backdrop-min.png","type":"image\/png"}],"twitter_card":"summary_large_image","twitter_misc":{"Dur\u00e9e de lecture estim\u00e9e":"1 minute"},"schema":{"@context":"https:\/\/schema.org","@graph":[{"@type":"WebPage","@id":"https:\/\/pokensmoke.com\/fr\/contact\/","url":"https:\/\/pokensmoke.com\/fr\/contact\/","name":"Contactez-nous | Poke n Smoke","isPartOf":{"@id":"https:\/\/pokensmoke.com\/fr\/#website"},"primaryImageOfPage":{"@id":"https:\/\/pokensmoke.com\/fr\/contact\/#primaryimage"},"image":{"@id":"https:\/\/pokensmoke.com\/fr\/contact\/#primaryimage"},"thumbnailUrl":"https:\/\/pokensmoke.com\/wp-content\/uploads\/2025\/07\/Serene-Woman-with-Floral-Backdrop-min-1024x1024.png","datePublished":"2023-11-17T12:39:13+00:00","dateModified":"2025-07-15T09:30:20+00:00","description":"Des questions sur les produits Poke n Smoke ? Contactez notre \u00e9quipe d'assistance pour obtenir de l'aide. Nous nous effor\u00e7ons de r\u00e9pondre \u00e0 votre message dans les 24 heures !","breadcrumb":{"@id":"https:\/\/pokensmoke.com\/fr\/contact\/#breadcrumb"},"inLanguage":"fr-FR","potentialAction":[{"@type":"ReadAction","target":["https:\/\/pokensmoke.com\/fr\/contact\/"]}]},{"@type":"ImageObject","inLanguage":"fr-FR","@id":"https:\/\/pokensmoke.com\/fr\/contact\/#primaryimage","url":"https:\/\/pokensmoke.com\/wp-content\/uploads\/2025\/07\/Serene-Woman-with-Floral-Backdrop-min-1024x1024.png","contentUrl":"https:\/\/pokensmoke.com\/wp-content\/uploads\/2025\/07\/Serene-Woman-with-Floral-Backdrop-min-1024x1024.png"},{"@type":"BreadcrumbList","@id":"https:\/\/pokensmoke.com\/fr\/contact\/#breadcrumb","itemListElement":[{"@type":"ListItem","position":1,"name":"Home","item":"https:\/\/pokensmoke.com\/fr\/accueil\/"},{"@type":"ListItem","position":2,"name":"Contact"}]},{"@type":"WebSite","@id":"https:\/\/pokensmoke.com\/fr\/#website","url":"https:\/\/pokensmoke.com\/fr\/","name":"Poke &#039;n Smoke","description":"","publisher":{"@id":"https:\/\/pokensmoke.com\/fr\/#organization"},"potentialAction":[{"@type":"SearchAction","target":{"@type":"EntryPoint","urlTemplate":"https:\/\/pokensmoke.com\/fr\/?s={search_term_string}"},"query-input":{"@type":"PropertyValueSpecification","valueRequired":true,"valueName":"search_term_string"}}],"inLanguage":"fr-FR"},{"@type":"Organization","@id":"https:\/\/pokensmoke.com\/fr\/#organization","name":"Poke &#039;n Smoke","url":"https:\/\/pokensmoke.com\/fr\/","logo":{"@type":"ImageObject","inLanguage":"fr-FR","@id":"https:\/\/pokensmoke.com\/fr\/#\/schema\/logo\/image\/","url":"https:\/\/pokensmoke.com\/wp-content\/uploads\/2023\/08\/Group-39361.svg","contentUrl":"https:\/\/pokensmoke.com\/wp-content\/uploads\/2023\/08\/Group-39361.svg","width":277,"height":48,"caption":"Poke &#039;n Smoke"},"image":{"@id":"https:\/\/pokensmoke.com\/fr\/#\/schema\/logo\/image\/"}}]}},"_links":{"self":[{"href":"https:\/\/pokensmoke.com\/fr\/wp-json\/wp\/v2\/pages\/3008","targetHints":{"allow":["GET"]}}],"collection":[{"href":"https:\/\/pokensmoke.com\/fr\/wp-json\/wp\/v2\/pages"}],"about":[{"href":"https:\/\/pokensmoke.com\/fr\/wp-json\/wp\/v2\/types\/page"}],"author":[{"embeddable":true,"href":"https:\/\/pokensmoke.com\/fr\/wp-json\/wp\/v2\/users\/3"}],"replies":[{"embeddable":true,"href":"https:\/\/pokensmoke.com\/fr\/wp-json\/wp\/v2\/comments?post=3008"}],"version-history":[{"count":14,"href":"https:\/\/pokensmoke.com\/fr\/wp-json\/wp\/v2\/pages\/3008\/revisions"}],"predecessor-version":[{"id":3124,"href":"https:\/\/pokensmoke.com\/fr\/wp-json\/wp\/v2\/pages\/3008\/revisions\/3124"}],"wp:attachment":[{"href":"https:\/\/pokensmoke.com\/fr\/wp-json\/wp\/v2\/media?parent=3008"}],"curies":[{"name":"wp","href":"https:\/\/api.w.org\/{rel}","templated":true}]}}